{"id":9172,"date":"2022-12-19T14:41:11","date_gmt":"2022-12-19T17:41:11","guid":{"rendered":"https:\/\/peers.com.br\/?page_id=1664"},"modified":"2025-04-02T22:49:34","modified_gmt":"2025-04-03T01:49:34","slug":"sustainability","status":"publish","type":"page","link":"https:\/\/peers.com.br\/es\/como-fazemos\/sustainability\/","title":{"rendered":"Sustainability"},"content":{"rendered":"","protected":false},"excerpt":{"rendered":"<p>Transforme sustentabilidade em vantagem competitiva. Criamos estrat\u00e9gias que integram sustentabilidade e crescimento, impulsionando inova\u00e7\u00e3o e resili\u00eancia em todos os setores.<\/p>\n","protected":false},"author":2,"featured_media":9218,"parent":14,"menu_order":0,"comment_status":"closed","ping_status":"closed","template":"","meta":{"_acf_changed":false,"footnotes":""},"class_list":["post-9172","page","type-page","status-publish","has-post-thumbnail","hentry"],"acf":[],"yoast_head":"<!-- This site is optimized with the Yoast SEO plugin v27.4 - https:\/\/yoast.com\/product\/yoast-seo-wordpress\/ -->\n<title>Peers Consulting - Sustainability<\/title>\n<meta name=\"description\" content=\"Sustentability \u00e9 um conjunto de pr\u00e1ticas de cria\u00e7\u00e3o de valor e customer experience para empresas que buscam alavancar seu neg\u00f3cio.\" \/>\n<meta name=\"robots\" content=\"index, follow, max-snippet:-1, max-image-preview:large, max-video-preview:-1\" \/>\n<link rel=\"canonical\" href=\"https:\/\/peers.com.br\/es\/como-fazemos\/sustainability\/\" \/>\n<meta property=\"og:locale\" content=\"es_ES\" \/>\n<meta property=\"og:type\" content=\"article\" \/>\n<meta property=\"og:title\" content=\"Peers Consulting - Sustainability\" \/>\n<meta property=\"og:description\" content=\"Sustentability \u00e9 um conjunto de pr\u00e1ticas de cria\u00e7\u00e3o de valor e customer experience para empresas que buscam alavancar seu neg\u00f3cio.\" \/>\n<meta property=\"og:url\" content=\"https:\/\/peers.com.br\/es\/como-fazemos\/sustainability\/\" \/>\n<meta property=\"og:site_name\" content=\"Peers Consulting\" \/>\n<meta property=\"article:modified_time\" content=\"2025-04-03T01:49:34+00:00\" \/>\n<meta property=\"og:image\" content=\"https:\/\/peers.com.br\/wp-content\/uploads\/2025\/04\/sustentability-1.png\" \/>\n\t<meta property=\"og:image:width\" content=\"42\" \/>\n\t<meta property=\"og:image:height\" content=\"42\" \/>\n\t<meta property=\"og:image:type\" content=\"image\/png\" \/>\n<meta name=\"twitter:card\" content=\"summary_large_image\" \/>\n<script type=\"application\/ld+json\" class=\"yoast-schema-graph\">{\"@context\":\"https:\\\/\\\/schema.org\",\"@graph\":[{\"@type\":\"WebPage\",\"@id\":\"https:\\\/\\\/peers.com.br\\\/es\\\/como-fazemos\\\/sustainability\\\/\",\"url\":\"https:\\\/\\\/peers.com.br\\\/es\\\/como-fazemos\\\/sustainability\\\/\",\"name\":\"Peers Consulting - Sustainability\",\"isPartOf\":{\"@id\":\"https:\\\/\\\/peers.com.br\\\/es\\\/#website\"},\"primaryImageOfPage\":{\"@id\":\"https:\\\/\\\/peers.com.br\\\/es\\\/como-fazemos\\\/sustainability\\\/#primaryimage\"},\"image\":{\"@id\":\"https:\\\/\\\/peers.com.br\\\/es\\\/como-fazemos\\\/sustainability\\\/#primaryimage\"},\"thumbnailUrl\":\"https:\\\/\\\/peers.com.br\\\/wp-content\\\/uploads\\\/2025\\\/04\\\/sustentability-1.png\",\"datePublished\":\"2022-12-19T17:41:11+00:00\",\"dateModified\":\"2025-04-03T01:49:34+00:00\",\"description\":\"Sustentability \u00e9 um conjunto de pr\u00e1ticas de cria\u00e7\u00e3o de valor e customer experience para empresas que buscam alavancar seu neg\u00f3cio.\",\"breadcrumb\":{\"@id\":\"https:\\\/\\\/peers.com.br\\\/es\\\/como-fazemos\\\/sustainability\\\/#breadcrumb\"},\"inLanguage\":\"es\",\"potentialAction\":[{\"@type\":\"ReadAction\",\"target\":[\"https:\\\/\\\/peers.com.br\\\/es\\\/como-fazemos\\\/sustainability\\\/\"]}]},{\"@type\":\"ImageObject\",\"inLanguage\":\"es\",\"@id\":\"https:\\\/\\\/peers.com.br\\\/es\\\/como-fazemos\\\/sustainability\\\/#primaryimage\",\"url\":\"https:\\\/\\\/peers.com.br\\\/wp-content\\\/uploads\\\/2025\\\/04\\\/sustentability-1.png\",\"contentUrl\":\"https:\\\/\\\/peers.com.br\\\/wp-content\\\/uploads\\\/2025\\\/04\\\/sustentability-1.png\",\"width\":42,\"height\":42},{\"@type\":\"BreadcrumbList\",\"@id\":\"https:\\\/\\\/peers.com.br\\\/es\\\/como-fazemos\\\/sustainability\\\/#breadcrumb\",\"itemListElement\":[{\"@type\":\"ListItem\",\"position\":1,\"name\":\"In\u00edcio\",\"item\":\"https:\\\/\\\/peers.com.br\\\/es\\\/\"},{\"@type\":\"ListItem\",\"position\":2,\"name\":\"Como fazemos\",\"item\":\"https:\\\/\\\/peers.com.br\\\/es\\\/como-fazemos\\\/\"},{\"@type\":\"ListItem\",\"position\":3,\"name\":\"Sustainability\"}]},{\"@type\":\"WebSite\",\"@id\":\"https:\\\/\\\/peers.com.br\\\/es\\\/#website\",\"url\":\"https:\\\/\\\/peers.com.br\\\/es\\\/\",\"name\":\"Peers Consulting\",\"description\":\"A experi\u00eancia \u00e9 o que fica\",\"publisher\":{\"@id\":\"https:\\\/\\\/peers.com.br\\\/es\\\/#organization\"},\"potentialAction\":[{\"@type\":\"SearchAction\",\"target\":{\"@type\":\"EntryPoint\",\"urlTemplate\":\"https:\\\/\\\/peers.com.br\\\/es\\\/?s={search_term_string}\"},\"query-input\":{\"@type\":\"PropertyValueSpecification\",\"valueRequired\":true,\"valueName\":\"search_term_string\"}}],\"inLanguage\":\"es\"},{\"@type\":\"Organization\",\"@id\":\"https:\\\/\\\/peers.com.br\\\/es\\\/#organization\",\"name\":\"Peers Consulting\",\"url\":\"https:\\\/\\\/peers.com.br\\\/es\\\/\",\"logo\":{\"@type\":\"ImageObject\",\"inLanguage\":\"es\",\"@id\":\"https:\\\/\\\/peers.com.br\\\/es\\\/#\\\/schema\\\/logo\\\/image\\\/\",\"url\":\"https:\\\/\\\/peers.com.br\\\/wp-content\\\/uploads\\\/2022\\\/09\\\/peers-green.svg\",\"contentUrl\":\"https:\\\/\\\/peers.com.br\\\/wp-content\\\/uploads\\\/2022\\\/09\\\/peers-green.svg\",\"width\":135,\"height\":19,\"caption\":\"Peers Consulting\"},\"image\":{\"@id\":\"https:\\\/\\\/peers.com.br\\\/es\\\/#\\\/schema\\\/logo\\\/image\\\/\"},\"sameAs\":[\"https:\\\/\\\/www.linkedin.com\\\/company\\\/peersbr\",\"https:\\\/\\\/www.instagram.com\\\/peers_br\\\/\",\"https:\\\/\\\/www.youtube.com\\\/channel\\\/UCHqAvVg4nhx9k-NAXw3mfLw\"]}]}<\/script>\n<!-- \/ Yoast SEO plugin. -->","yoast_head_json":{"title":"Peers Consulting - Sustainability","description":"Sustentability \u00e9 um conjunto de pr\u00e1ticas de cria\u00e7\u00e3o de valor e customer experience para empresas que buscam alavancar seu neg\u00f3cio.","robots":{"index":"index","follow":"follow","max-snippet":"max-snippet:-1","max-image-preview":"max-image-preview:large","max-video-preview":"max-video-preview:-1"},"canonical":"https:\/\/peers.com.br\/es\/como-fazemos\/sustainability\/","og_locale":"es_ES","og_type":"article","og_title":"Peers Consulting - Sustainability","og_description":"Sustentability \u00e9 um conjunto de pr\u00e1ticas de cria\u00e7\u00e3o de valor e customer experience para empresas que buscam alavancar seu neg\u00f3cio.","og_url":"https:\/\/peers.com.br\/es\/como-fazemos\/sustainability\/","og_site_name":"Peers Consulting","article_modified_time":"2025-04-03T01:49:34+00:00","og_image":[{"width":42,"height":42,"url":"https:\/\/peers.com.br\/wp-content\/uploads\/2025\/04\/sustentability-1.png","type":"image\/png"}],"twitter_card":"summary_large_image","schema":{"@context":"https:\/\/schema.org","@graph":[{"@type":"WebPage","@id":"https:\/\/peers.com.br\/es\/como-fazemos\/sustainability\/","url":"https:\/\/peers.com.br\/es\/como-fazemos\/sustainability\/","name":"Peers Consulting - Sustainability","isPartOf":{"@id":"https:\/\/peers.com.br\/es\/#website"},"primaryImageOfPage":{"@id":"https:\/\/peers.com.br\/es\/como-fazemos\/sustainability\/#primaryimage"},"image":{"@id":"https:\/\/peers.com.br\/es\/como-fazemos\/sustainability\/#primaryimage"},"thumbnailUrl":"https:\/\/peers.com.br\/wp-content\/uploads\/2025\/04\/sustentability-1.png","datePublished":"2022-12-19T17:41:11+00:00","dateModified":"2025-04-03T01:49:34+00:00","description":"Sustentability \u00e9 um conjunto de pr\u00e1ticas de cria\u00e7\u00e3o de valor e customer experience para empresas que buscam alavancar seu neg\u00f3cio.","breadcrumb":{"@id":"https:\/\/peers.com.br\/es\/como-fazemos\/sustainability\/#breadcrumb"},"inLanguage":"es","potentialAction":[{"@type":"ReadAction","target":["https:\/\/peers.com.br\/es\/como-fazemos\/sustainability\/"]}]},{"@type":"ImageObject","inLanguage":"es","@id":"https:\/\/peers.com.br\/es\/como-fazemos\/sustainability\/#primaryimage","url":"https:\/\/peers.com.br\/wp-content\/uploads\/2025\/04\/sustentability-1.png","contentUrl":"https:\/\/peers.com.br\/wp-content\/uploads\/2025\/04\/sustentability-1.png","width":42,"height":42},{"@type":"BreadcrumbList","@id":"https:\/\/peers.com.br\/es\/como-fazemos\/sustainability\/#breadcrumb","itemListElement":[{"@type":"ListItem","position":1,"name":"In\u00edcio","item":"https:\/\/peers.com.br\/es\/"},{"@type":"ListItem","position":2,"name":"Como fazemos","item":"https:\/\/peers.com.br\/es\/como-fazemos\/"},{"@type":"ListItem","position":3,"name":"Sustainability"}]},{"@type":"WebSite","@id":"https:\/\/peers.com.br\/es\/#website","url":"https:\/\/peers.com.br\/es\/","name":"Peers Consulting","description":"A experi\u00eancia \u00e9 o que fica","publisher":{"@id":"https:\/\/peers.com.br\/es\/#organization"},"potentialAction":[{"@type":"SearchAction","target":{"@type":"EntryPoint","urlTemplate":"https:\/\/peers.com.br\/es\/?s={search_term_string}"},"query-input":{"@type":"PropertyValueSpecification","valueRequired":true,"valueName":"search_term_string"}}],"inLanguage":"es"},{"@type":"Organization","@id":"https:\/\/peers.com.br\/es\/#organization","name":"Peers Consulting","url":"https:\/\/peers.com.br\/es\/","logo":{"@type":"ImageObject","inLanguage":"es","@id":"https:\/\/peers.com.br\/es\/#\/schema\/logo\/image\/","url":"https:\/\/peers.com.br\/wp-content\/uploads\/2022\/09\/peers-green.svg","contentUrl":"https:\/\/peers.com.br\/wp-content\/uploads\/2022\/09\/peers-green.svg","width":135,"height":19,"caption":"Peers Consulting"},"image":{"@id":"https:\/\/peers.com.br\/es\/#\/schema\/logo\/image\/"},"sameAs":["https:\/\/www.linkedin.com\/company\/peersbr","https:\/\/www.instagram.com\/peers_br\/","https:\/\/www.youtube.com\/channel\/UCHqAvVg4nhx9k-NAXw3mfLw"]}]}},"_links":{"self":[{"href":"https:\/\/peers.com.br\/es\/wp-json\/wp\/v2\/pages\/9172","targetHints":{"allow":["GET"]}}],"collection":[{"href":"https:\/\/peers.com.br\/es\/wp-json\/wp\/v2\/pages"}],"about":[{"href":"https:\/\/peers.com.br\/es\/wp-json\/wp\/v2\/types\/page"}],"author":[{"embeddable":true,"href":"https:\/\/peers.com.br\/es\/wp-json\/wp\/v2\/users\/2"}],"replies":[{"embeddable":true,"href":"https:\/\/peers.com.br\/es\/wp-json\/wp\/v2\/comments?post=9172"}],"version-history":[{"count":0,"href":"https:\/\/peers.com.br\/es\/wp-json\/wp\/v2\/pages\/9172\/revisions"}],"up":[{"embeddable":true,"href":"https:\/\/peers.com.br\/es\/wp-json\/wp\/v2\/pages\/14"}],"wp:featuredmedia":[{"embeddable":true,"href":"https:\/\/peers.com.br\/es\/wp-json\/wp\/v2\/media\/9218"}],"wp:attachment":[{"href":"https:\/\/peers.com.br\/es\/wp-json\/wp\/v2\/media?parent=9172"}],"curies":[{"name":"wp","href":"https:\/\/api.w.org\/{rel}","templated":true}]}}